{"id":207,"date":"2020-06-21T17:48:10","date_gmt":"2020-06-21T17:48:10","guid":{"rendered":"http:\/\/sommerakademie-gutshaus-belitz.de\/?page_id=207"},"modified":"2020-06-23T16:20:10","modified_gmt":"2020-06-23T16:20:10","slug":"agbs","status":"publish","type":"page","link":"https:\/\/sommerakademie-gutshaus-belitz.de\/?page_id=207","title":{"rendered":"AGBs"},"content":{"rendered":"\n<h4 class=\"wp-block-heading\" id=\"cc-m-header-11429942797\">Allgemeine Gesch\u00e4fts- und Buchungsbedingungen (AGBs)<\/h4>\n\n\n\n<p>Die Sommerakademie Gutshaus Belitz ist ein Seminaranbieter im Bereich von Achtsamkeits-, Kommunikations-, Kreativit\u00e4ts- und Meditationsseminaren. Die Kurse finden in Kursr\u00e4umen im Gutshaus Belitz statt. Eine  Unterkunft wird separat vermittelt. Daher erhalten Sie bei einer Buchung immer zwei getrennte Rechnungen.<\/p>\n\n\n\n<p><strong>Anmeldung und Voraussetzungen<\/strong><\/p>\n\n\n\n<p>Anmeldeschluss ist, wenn nicht anders angegeben, 2 Tage vor Beginn der Veranstaltung. Jede Anmeldung &#8211; ob m\u00fcndlich oder schriftlich &#8211; ist f\u00fcr den Teilnehmer verbindlich.\u00a0<\/p>\n\n\n\n<p>F\u00fcr korrekte und vollst\u00e4ndige Angaben sowie f\u00fcr Bekanntgabe von \u00c4nderungen der Adresse und Kontaktdaten tr\u00e4gt der Teilnehmer die Verantwortung.<\/p>\n\n\n\n<p>Die Teilnehmerzahl der Seminare ist aus Qualit\u00e4tsgr\u00fcnden beschr\u00e4nkt. Die Reihung der Anmeldungen erfolgt nach Eingangsdatum. Nach Anmeldung erh\u00e4lt der Teilnehmer eine Anmeldebest\u00e4tigung \u00fcber die erfolgreiche Anmeldung bzw. \u00fcber eine \u00c4nderung.<\/p>\n\n\n\n<p>Frauke Bongardt beh\u00e4lt sich das Recht vor, notwendige \u00c4nderungen des Veranstaltungsprogramms und des Veranstaltungsortes unter Wahrung des Gesamtcharakters der Veranstaltung, vorzunehmen. Insbesondere wird das Recht vorbehalten, die Veranstaltung aus wichtigem Grund (z.B. Erkrankung eines Dozenten, zu geringe Teilnehmerzahl) zu verschieben.<\/p>\n\n\n\n<p>Im Falle einer kompletten Kursabsage wird dem Teilnehmer die Veranstaltungsgeb\u00fchr r\u00fcckerstattet.<\/p>\n\n\n\n<p><strong>Ausbildungsvoraussetzung<\/strong><\/p>\n\n\n\n<p>Es sind keine besonderen Vorkenntnisse notwendig. Die Teilnehmer sollten mindestens 18 Jahre sein. Diese Kurse ersetzen keine Psychotherapie. Bei Unklarheiten bitte mit dem zu behandelten Arzt kl\u00e4ren.<\/p>\n\n\n\n<p><strong>R\u00fccktritt und Umbuchung<\/strong><\/p>\n\n\n\n<p>Ein R\u00fccktritt von einer Veranstaltung bzw. eine Umbuchung hat in jedem Fall schriftlich zu erfolgen. Bei einem R\u00fccktritt des Teilnehmers vor Anmeldeschluss fallen Bearbeitungsgeb\u00fchren f\u00fcr den Kurs von 50,-Euro f\u00e4llig. Bei einem sp\u00e4teren R\u00fccktritt wird der volle Kursbeitrag&nbsp;f\u00e4llig. Wenn der stornierte Kursplatz vergeben werden kann, fallen f\u00fcr den Teilnehmer der den R\u00fccktritt erkl\u00e4rt hat, keine Kosten an.<\/p>\n\n\n\n<p>Die R\u00fccktrittsbestimmungen bzw. Umbuchung der jeweiligen Unterkunft, falls eine Unterkunft w\u00e4hrend der Kurszeit gebucht ist, sind den jeweiligen Gesch\u00e4ftsbedingungen der gebuchten Unterkunft zu entnehmen. Wir empfehlen eine Reiser\u00fccktrittsversicherung.<\/p>\n\n\n\n<p>W\u00e4hrend des laufenden Lehrgangs ist eine K\u00fcndigung nur aus wichtigem Grund m\u00f6glich. Ein wichtiger Grund ist z.B. eine Schwangerschaft ab dem vollendeten 7. Monat. In diesem Fall ist die aliquote Teilnahmegeb\u00fchr sowie eine Bearbeitungsgeb\u00fchr von Euro 50,- zu bezahlen.<\/p>\n\n\n\n<p>Ein Ausschluss von der Teilnahme bzw. eine K\u00fcndigung durch Frauke Bongardt kann aufgrund mangelnder Eignung oder aufgrund von Verhalten, welches die Qualit\u00e4t der Veranstaltung erheblich beeintr\u00e4chtigt, oder mangels Zahlung der Kursgeb\u00fchren oder aus sonstigen Gr\u00fcnden erfolgen.<\/p>\n\n\n\n<p><strong>Preise\/ Zahlungsmodalit\u00e4ten<\/strong><\/p>\n\n\n\n<p>Die Kursbeitr\u00e4ge sind Endpreise in Euro und beinhalten die Mehrwertsteuer. Die Zahlungsbedingungen gelten entsprechend den Angaben des Anmeldeformulars.<\/p>\n\n\n\n<p>Der Kursteilnehmer erh\u00e4lt zwei gesonderte Rechnungen. Jeweils einmal eine Rechnung&nbsp;\u00fcber den Kursbeitrag und, je nach Kurs, die Rechnung der gebuchten Unterkunft. Bei einem Teil der Unterk\u00fcnfte erfolgt die Bezahlung dieser vor Ort.<\/p>\n\n\n\n<p><strong>\u00c4nderungen<\/strong><\/p>\n\n\n\n<p>Bei Nicht-Erreichen der Mindestteilnehmerzahl, bei Ausfall von Dozenten oder sonstigen unvorhersehbaren Ereignissen kann eine Veranstaltung verschoben oder abgesagt werden. Die Teilnehmer werden davonrechtzeitig und in geeigneter Weise verst\u00e4ndigt und die bereits vorausbezahlten Geb\u00fchren werden r\u00fcckerstattet. Es besteht kein Anspruch auf Durchf\u00fchrung einer Veranstaltung. Bei vorzeitigem Abbruch einer Veranstaltung, aus welchen Gr\u00fcnden auch immer, werden vorausbezahlte Geb\u00fchren anteilig r\u00fcckerstattet.<\/p>\n\n\n\n<p><strong>Haftung<\/strong><\/p>\n\n\n\n<p>Die eingesetzten Trainer sind hochwertig ausgebildet und die \u00dcbungen sind f\u00fcr die jeweilige Trainingsform bzw. Touren adaptiert. F\u00fcr eventuell im Rahmen des Seminars auftretende Verletzungen \u00fcbernimmt der Teilnehmer selbst die Verantwortung. Der Abschluss einer entsprechenden Unfallversicherung ist selbst vorzunehmen.<\/p>\n\n\n\n<p>F\u00fcr pers\u00f6nliche Gegenst\u00e4nde der Teilnehmer inklusive der bereitgestellten Lernunterlagen wird seitens Frauke Bongardt keine Haftung \u00fcbernommen..<\/p>\n\n\n\n<p>Den Teilnehmern empfehlen wir eine Absicherung bei Reiser\u00fccktritt.<\/p>\n\n\n\n<p>Unwirksame oder fehlende Bestimmungen dieser AGB gelten als ersetzt durch gleichwertige, d.h. dem Sinn und Zweck in rechtswirksamer Weise wirtschaftliche am n\u00e4chsten kommende Bestimmungen, wobei die G\u00fcltigkeit der \u00fcbrigen Regelungen davon unber\u00fchrt bleibt.<\/p>\n\n\n\n<p>Der Teilnehmer tr\u00e4gt im Falle des Verzuges die Kosten der Eintreibung, der Mahnspesen und Rechtsanwaltskosten. Die Kosten der Mahnung durch einen Rechtsanwalt aufgrund eines Verzuges sind gem\u00e4\u00df RATG (Rechtsanwaltstarifgesetz) nach TP 2 zuz\u00fcglich 20 % MwSt. vom Teilnehmer zu bezahlen.<\/p>\n\n\n\n<p><strong>Datenschutz<\/strong><\/p>\n\n\n\n<p>Alle pers\u00f6nlichen Angaben der Teilnehmer werden vertraulich behandelt. Die Daten werden nur an Frauke Bongardt oder der gebuchten Unterkunft weitergegeben (siehe Datenschutzbestimmung).<\/p>\n\n\n\n<p><strong>Gerichtstand und anzuwendendes Recht<\/strong><\/p>\n\n\n\n<p>F\u00fcr alle Streitigkeiten vereinbaren die Parteien die ausschlie\u00dfliche Zust\u00e4ndigkeit des sachlich zust\u00e4ndigen Gerichtes f\u00fcr 18057 Rostock.<\/p>\n","protected":false},"excerpt":{"rendered":"<p>Allgemeine Gesch\u00e4fts- und Buchungsbedingungen (AGBs) Die Sommerakademie Gutshaus Belitz ist ein Seminaranbieter im Bereich von Achtsamkeits-, Kommunikations-, Kreativit\u00e4ts- und Meditationsseminaren. Die Kurse finden in Kursr\u00e4umen im Gutshaus Belitz statt. Eine&hellip; <br \/> <a class=\"read-more\" href=\"https:\/\/sommerakademie-gutshaus-belitz.de\/?page_id=207\">Weiterlesen<\/a><\/p>\n","protected":false},"author":1,"featured_media":148,"parent":0,"menu_order":0,"comment_status":"closed","ping_status":"closed","template":"","meta":{"footnotes":""},"class_list":["post-207","page","type-page","status-publish","has-post-thumbnail","hentry"],"yoast_head":"<!-- This site is optimized with the Yoast SEO plugin v27.6 - https:\/\/yoast.com\/product\/yoast-seo-wordpress\/ -->\n<title>AGBs - Sommerakademie Gutshaus Belitz<\/title>\n<meta name=\"robots\" content=\"index, follow, max-snippet:-1, max-image-preview:large, max-video-preview:-1\" \/>\n<link rel=\"canonical\" href=\"https:\/\/sommerakademie-gutshaus-belitz.de\/?page_id=207\" \/>\n<meta property=\"og:locale\" content=\"de_DE\" \/>\n<meta property=\"og:type\" content=\"article\" \/>\n<meta property=\"og:title\" content=\"AGBs - Sommerakademie Gutshaus Belitz\" \/>\n<meta property=\"og:description\" content=\"Allgemeine Gesch\u00e4fts- und Buchungsbedingungen (AGBs) Die Sommerakademie Gutshaus Belitz ist ein Seminaranbieter im Bereich von Achtsamkeits-, Kommunikations-, Kreativit\u00e4ts- und Meditationsseminaren. Die Kurse finden in Kursr\u00e4umen im Gutshaus Belitz statt. Eine&hellip; Weiterlesen\" \/>\n<meta property=\"og:url\" content=\"https:\/\/sommerakademie-gutshaus-belitz.de\/?page_id=207\" \/>\n<meta property=\"og:site_name\" content=\"Sommerakademie Gutshaus Belitz\" \/>\n<meta property=\"article:modified_time\" content=\"2020-06-23T16:20:10+00:00\" \/>\n<meta property=\"og:image\" content=\"https:\/\/sommerakademie-gutshaus-belitz.de\/wp-content\/uploads\/2020\/06\/1160692-scaled.jpg\" \/>\n\t<meta property=\"og:image:width\" content=\"2560\" \/>\n\t<meta property=\"og:image:height\" content=\"1440\" \/>\n\t<meta property=\"og:image:type\" content=\"image\/jpeg\" \/>\n<meta name=\"twitter:card\" content=\"summary_large_image\" \/>\n<meta name=\"twitter:label1\" content=\"Gesch\u00e4tzte Lesezeit\" \/>\n\t<meta name=\"twitter:data1\" content=\"4\u00a0Minuten\" \/>\n<script type=\"application\/ld+json\" class=\"yoast-schema-graph\">{\"@context\":\"https:\\\/\\\/schema.org\",\"@graph\":[{\"@type\":\"WebPage\",\"@id\":\"https:\\\/\\\/sommerakademie-gutshaus-belitz.de\\\/?page_id=207\",\"url\":\"https:\\\/\\\/sommerakademie-gutshaus-belitz.de\\\/?page_id=207\",\"name\":\"AGBs - Sommerakademie Gutshaus Belitz\",\"isPartOf\":{\"@id\":\"https:\\\/\\\/sommerakademie-gutshaus-belitz.de\\\/#website\"},\"primaryImageOfPage\":{\"@id\":\"https:\\\/\\\/sommerakademie-gutshaus-belitz.de\\\/?page_id=207#primaryimage\"},\"image\":{\"@id\":\"https:\\\/\\\/sommerakademie-gutshaus-belitz.de\\\/?page_id=207#primaryimage\"},\"thumbnailUrl\":\"https:\\\/\\\/sommerakademie-gutshaus-belitz.de\\\/wp-content\\\/uploads\\\/2020\\\/06\\\/1160692-scaled.jpg\",\"datePublished\":\"2020-06-21T17:48:10+00:00\",\"dateModified\":\"2020-06-23T16:20:10+00:00\",\"breadcrumb\":{\"@id\":\"https:\\\/\\\/sommerakademie-gutshaus-belitz.de\\\/?page_id=207#breadcrumb\"},\"inLanguage\":\"de\",\"potentialAction\":[{\"@type\":\"ReadAction\",\"target\":[\"https:\\\/\\\/sommerakademie-gutshaus-belitz.de\\\/?page_id=207\"]}]},{\"@type\":\"ImageObject\",\"inLanguage\":\"de\",\"@id\":\"https:\\\/\\\/sommerakademie-gutshaus-belitz.de\\\/?page_id=207#primaryimage\",\"url\":\"https:\\\/\\\/sommerakademie-gutshaus-belitz.de\\\/wp-content\\\/uploads\\\/2020\\\/06\\\/1160692-scaled.jpg\",\"contentUrl\":\"https:\\\/\\\/sommerakademie-gutshaus-belitz.de\\\/wp-content\\\/uploads\\\/2020\\\/06\\\/1160692-scaled.jpg\",\"width\":2560,\"height\":1440},{\"@type\":\"BreadcrumbList\",\"@id\":\"https:\\\/\\\/sommerakademie-gutshaus-belitz.de\\\/?page_id=207#breadcrumb\",\"itemListElement\":[{\"@type\":\"ListItem\",\"position\":1,\"name\":\"Startseite\",\"item\":\"https:\\\/\\\/sommerakademie-gutshaus-belitz.de\\\/\"},{\"@type\":\"ListItem\",\"position\":2,\"name\":\"AGBs\"}]},{\"@type\":\"WebSite\",\"@id\":\"https:\\\/\\\/sommerakademie-gutshaus-belitz.de\\\/#website\",\"url\":\"https:\\\/\\\/sommerakademie-gutshaus-belitz.de\\\/\",\"name\":\"Sommerakademie Gutshaus Belitz\",\"description\":\"Nachhaltig auftanken im Ambiente der Jahrhundertwende\",\"potentialAction\":[{\"@type\":\"SearchAction\",\"target\":{\"@type\":\"EntryPoint\",\"urlTemplate\":\"https:\\\/\\\/sommerakademie-gutshaus-belitz.de\\\/?s={search_term_string}\"},\"query-input\":{\"@type\":\"PropertyValueSpecification\",\"valueRequired\":true,\"valueName\":\"search_term_string\"}}],\"inLanguage\":\"de\"}]}<\/script>\n<!-- \/ Yoast SEO plugin. -->","yoast_head_json":{"title":"AGBs - Sommerakademie Gutshaus Belitz","robots":{"index":"index","follow":"follow","max-snippet":"max-snippet:-1","max-image-preview":"max-image-preview:large","max-video-preview":"max-video-preview:-1"},"canonical":"https:\/\/sommerakademie-gutshaus-belitz.de\/?page_id=207","og_locale":"de_DE","og_type":"article","og_title":"AGBs - Sommerakademie Gutshaus Belitz","og_description":"Allgemeine Gesch\u00e4fts- und Buchungsbedingungen (AGBs) Die Sommerakademie Gutshaus Belitz ist ein Seminaranbieter im Bereich von Achtsamkeits-, Kommunikations-, Kreativit\u00e4ts- und Meditationsseminaren. Die Kurse finden in Kursr\u00e4umen im Gutshaus Belitz statt. Eine&hellip; Weiterlesen","og_url":"https:\/\/sommerakademie-gutshaus-belitz.de\/?page_id=207","og_site_name":"Sommerakademie Gutshaus Belitz","article_modified_time":"2020-06-23T16:20:10+00:00","og_image":[{"width":2560,"height":1440,"url":"https:\/\/sommerakademie-gutshaus-belitz.de\/wp-content\/uploads\/2020\/06\/1160692-scaled.jpg","type":"image\/jpeg"}],"twitter_card":"summary_large_image","twitter_misc":{"Gesch\u00e4tzte Lesezeit":"4\u00a0Minuten"},"schema":{"@context":"https:\/\/schema.org","@graph":[{"@type":"WebPage","@id":"https:\/\/sommerakademie-gutshaus-belitz.de\/?page_id=207","url":"https:\/\/sommerakademie-gutshaus-belitz.de\/?page_id=207","name":"AGBs - Sommerakademie Gutshaus Belitz","isPartOf":{"@id":"https:\/\/sommerakademie-gutshaus-belitz.de\/#website"},"primaryImageOfPage":{"@id":"https:\/\/sommerakademie-gutshaus-belitz.de\/?page_id=207#primaryimage"},"image":{"@id":"https:\/\/sommerakademie-gutshaus-belitz.de\/?page_id=207#primaryimage"},"thumbnailUrl":"https:\/\/sommerakademie-gutshaus-belitz.de\/wp-content\/uploads\/2020\/06\/1160692-scaled.jpg","datePublished":"2020-06-21T17:48:10+00:00","dateModified":"2020-06-23T16:20:10+00:00","breadcrumb":{"@id":"https:\/\/sommerakademie-gutshaus-belitz.de\/?page_id=207#breadcrumb"},"inLanguage":"de","potentialAction":[{"@type":"ReadAction","target":["https:\/\/sommerakademie-gutshaus-belitz.de\/?page_id=207"]}]},{"@type":"ImageObject","inLanguage":"de","@id":"https:\/\/sommerakademie-gutshaus-belitz.de\/?page_id=207#primaryimage","url":"https:\/\/sommerakademie-gutshaus-belitz.de\/wp-content\/uploads\/2020\/06\/1160692-scaled.jpg","contentUrl":"https:\/\/sommerakademie-gutshaus-belitz.de\/wp-content\/uploads\/2020\/06\/1160692-scaled.jpg","width":2560,"height":1440},{"@type":"BreadcrumbList","@id":"https:\/\/sommerakademie-gutshaus-belitz.de\/?page_id=207#breadcrumb","itemListElement":[{"@type":"ListItem","position":1,"name":"Startseite","item":"https:\/\/sommerakademie-gutshaus-belitz.de\/"},{"@type":"ListItem","position":2,"name":"AGBs"}]},{"@type":"WebSite","@id":"https:\/\/sommerakademie-gutshaus-belitz.de\/#website","url":"https:\/\/sommerakademie-gutshaus-belitz.de\/","name":"Sommerakademie Gutshaus Belitz","description":"Nachhaltig auftanken im Ambiente der Jahrhundertwende","potentialAction":[{"@type":"SearchAction","target":{"@type":"EntryPoint","urlTemplate":"https:\/\/sommerakademie-gutshaus-belitz.de\/?s={search_term_string}"},"query-input":{"@type":"PropertyValueSpecification","valueRequired":true,"valueName":"search_term_string"}}],"inLanguage":"de"}]}},"_links":{"self":[{"href":"https:\/\/sommerakademie-gutshaus-belitz.de\/index.php?rest_route=\/wp\/v2\/pages\/207","targetHints":{"allow":["GET"]}}],"collection":[{"href":"https:\/\/sommerakademie-gutshaus-belitz.de\/index.php?rest_route=\/wp\/v2\/pages"}],"about":[{"href":"https:\/\/sommerakademie-gutshaus-belitz.de\/index.php?rest_route=\/wp\/v2\/types\/page"}],"author":[{"embeddable":true,"href":"https:\/\/sommerakademie-gutshaus-belitz.de\/index.php?rest_route=\/wp\/v2\/users\/1"}],"replies":[{"embeddable":true,"href":"https:\/\/sommerakademie-gutshaus-belitz.de\/index.php?rest_route=%2Fwp%2Fv2%2Fcomments&post=207"}],"version-history":[{"count":5,"href":"https:\/\/sommerakademie-gutshaus-belitz.de\/index.php?rest_route=\/wp\/v2\/pages\/207\/revisions"}],"predecessor-version":[{"id":266,"href":"https:\/\/sommerakademie-gutshaus-belitz.de\/index.php?rest_route=\/wp\/v2\/pages\/207\/revisions\/266"}],"wp:featuredmedia":[{"embeddable":true,"href":"https:\/\/sommerakademie-gutshaus-belitz.de\/index.php?rest_route=\/wp\/v2\/media\/148"}],"wp:attachment":[{"href":"https:\/\/sommerakademie-gutshaus-belitz.de\/index.php?rest_route=%2Fwp%2Fv2%2Fmedia&parent=207"}],"curies":[{"name":"wp","href":"https:\/\/api.w.org\/{rel}","templated":true}]}}